{"id":71,"date":"2015-06-21T19:13:11","date_gmt":"2015-06-21T12:13:11","guid":{"rendered":"http:\/\/demo.themephe.com\/silvia\/?page_id=71"},"modified":"2021-01-18T17:48:33","modified_gmt":"2021-01-18T16:48:33","slug":"full-width","status":"publish","type":"page","link":"https:\/\/tierphysio-ahner.de\/","title":{"rendered":"Startseite"},"content":{"rendered":"<p><img loading=\"lazy\" decoding=\"async\" class=\"size-medium wp-image-222 alignleft\" src=\"https:\/\/tierphysio-ahner.de\/wp-content\/uploads\/2017\/03\/PHYSIO-SCHULTERGLEITEN-200x300.jpg\" alt=\"\" width=\"200\" height=\"300\" srcset=\"https:\/\/tierphysio-ahner.de\/wp-content\/uploads\/2017\/03\/PHYSIO-SCHULTERGLEITEN-200x300.jpg 200w, https:\/\/tierphysio-ahner.de\/wp-content\/uploads\/2017\/03\/PHYSIO-SCHULTERGLEITEN-768x1152.jpg 768w, https:\/\/tierphysio-ahner.de\/wp-content\/uploads\/2017\/03\/PHYSIO-SCHULTERGLEITEN-683x1024.jpg 683w\" sizes=\"auto, (max-width: 200px) 100vw, 200px\" \/>Herzlich Willkommen!!<\/p>\n<p>Sch\u00f6n Sie auf meiner Homepage begr\u00fc\u00dfen zu d\u00fcrfen.<br \/>\nSchauen Sie sich alles in Ruhe an und informieren Sie sich \u00fcber meine Leistungen.<br \/>\nBei Fragen k\u00f6nnen Sie mich gerne unter der Mobilfunknummer 0152\/31813925 oder per <a href=\"mailto: aahner18@gmail.com\">Mail<\/a>\u00a0erreichen.<\/p>\n<p>Ich freue mich auf Sie<\/p>\n","protected":false},"excerpt":{"rendered":"<p>Herzlich Willkommen!! Sch\u00f6n Sie auf meiner Homepage begr\u00fc\u00dfen zu d\u00fcrfen. Schauen Sie sich alles in Ruhe an und informieren Sie <a class=\"more-link\" href=\"https:\/\/tierphysio-ahner.de\/\">Continue Reading<\/a><\/p>\n","protected":false},"author":1,"featured_media":0,"parent":0,"menu_order":0,"comment_status":"closed","ping_status":"closed","template":"","meta":{"_monsterinsights_skip_tracking":false,"_monsterinsights_sitenote_active":false,"_monsterinsights_sitenote_note":"","_monsterinsights_sitenote_category":0,"footnotes":""},"class_list":["post-71","page","type-page","status-publish","hentry","no-post-thumbnail","no-read-more-tag","no-sticky","entry"],"yoast_head":"<!-- This site is optimized with the Yoast SEO plugin v27.5 - https:\/\/yoast.com\/product\/yoast-seo-wordpress\/ -->\n<title>Startseite - Tier-Physiotherapie und Chiropraktik<\/title>\n<meta name=\"robots\" content=\"index, follow, max-snippet:-1, max-image-preview:large, max-video-preview:-1\" \/>\n<link rel=\"canonical\" href=\"https:\/\/tierphysio-ahner.de\/\" \/>\n<meta property=\"og:locale\" content=\"de_DE\" \/>\n<meta property=\"og:type\" content=\"article\" \/>\n<meta property=\"og:title\" content=\"Startseite - Tier-Physiotherapie und Chiropraktik\" \/>\n<meta property=\"og:description\" content=\"Herzlich Willkommen!! Sch\u00f6n Sie auf meiner Homepage begr\u00fc\u00dfen zu d\u00fcrfen. Schauen Sie sich alles in Ruhe an und informieren Sie Continue Reading\" \/>\n<meta property=\"og:url\" content=\"https:\/\/tierphysio-ahner.de\/\" \/>\n<meta property=\"og:site_name\" content=\"Tier-Physiotherapie und Chiropraktik\" \/>\n<meta property=\"article:modified_time\" content=\"2021-01-18T16:48:33+00:00\" \/>\n<meta property=\"og:image\" content=\"https:\/\/tierphysio-ahner.de\/wp-content\/uploads\/2017\/03\/PHYSIO-SCHULTERGLEITEN-200x300.jpg\" \/>\n<meta name=\"twitter:card\" content=\"summary_large_image\" \/>\n<meta name=\"twitter:label1\" content=\"Gesch\u00e4tzte Lesezeit\" \/>\n\t<meta name=\"twitter:data1\" content=\"1\u00a0Minute\" \/>\n<script type=\"application\/ld+json\" class=\"yoast-schema-graph\">{\"@context\":\"https:\\\/\\\/schema.org\",\"@graph\":[{\"@type\":\"WebPage\",\"@id\":\"https:\\\/\\\/tierphysio-ahner.de\\\/\",\"url\":\"https:\\\/\\\/tierphysio-ahner.de\\\/\",\"name\":\"Startseite - Tier-Physiotherapie und Chiropraktik\",\"isPartOf\":{\"@id\":\"https:\\\/\\\/tierphysio-ahner.de\\\/#website\"},\"primaryImageOfPage\":{\"@id\":\"https:\\\/\\\/tierphysio-ahner.de\\\/#primaryimage\"},\"image\":{\"@id\":\"https:\\\/\\\/tierphysio-ahner.de\\\/#primaryimage\"},\"thumbnailUrl\":\"https:\\\/\\\/tierphysio-ahner.de\\\/wp-content\\\/uploads\\\/2017\\\/03\\\/PHYSIO-SCHULTERGLEITEN-200x300.jpg\",\"datePublished\":\"2015-06-21T12:13:11+00:00\",\"dateModified\":\"2021-01-18T16:48:33+00:00\",\"breadcrumb\":{\"@id\":\"https:\\\/\\\/tierphysio-ahner.de\\\/#breadcrumb\"},\"inLanguage\":\"de\",\"potentialAction\":[{\"@type\":\"ReadAction\",\"target\":[\"https:\\\/\\\/tierphysio-ahner.de\\\/\"]}]},{\"@type\":\"ImageObject\",\"inLanguage\":\"de\",\"@id\":\"https:\\\/\\\/tierphysio-ahner.de\\\/#primaryimage\",\"url\":\"https:\\\/\\\/tierphysio-ahner.de\\\/wp-content\\\/uploads\\\/2017\\\/03\\\/PHYSIO-SCHULTERGLEITEN.jpg\",\"contentUrl\":\"https:\\\/\\\/tierphysio-ahner.de\\\/wp-content\\\/uploads\\\/2017\\\/03\\\/PHYSIO-SCHULTERGLEITEN.jpg\",\"width\":2304,\"height\":3456},{\"@type\":\"BreadcrumbList\",\"@id\":\"https:\\\/\\\/tierphysio-ahner.de\\\/#breadcrumb\",\"itemListElement\":[{\"@type\":\"ListItem\",\"position\":1,\"name\":\"Startseite\",\"item\":\"https:\\\/\\\/tierphysio-ahner.de\\\/\"},{\"@type\":\"ListItem\",\"position\":2,\"name\":\"Startseite\"}]},{\"@type\":\"WebSite\",\"@id\":\"https:\\\/\\\/tierphysio-ahner.de\\\/#website\",\"url\":\"https:\\\/\\\/tierphysio-ahner.de\\\/\",\"name\":\"Tier-Physiotherapie und Chiropraktik\",\"description\":\"\",\"potentialAction\":[{\"@type\":\"SearchAction\",\"target\":{\"@type\":\"EntryPoint\",\"urlTemplate\":\"https:\\\/\\\/tierphysio-ahner.de\\\/?s={search_term_string}\"},\"query-input\":{\"@type\":\"PropertyValueSpecification\",\"valueRequired\":true,\"valueName\":\"search_term_string\"}}],\"inLanguage\":\"de\"}]}<\/script>\n<!-- \/ Yoast SEO plugin. -->","yoast_head_json":{"title":"Startseite - Tier-Physiotherapie und Chiropraktik","robots":{"index":"index","follow":"follow","max-snippet":"max-snippet:-1","max-image-preview":"max-image-preview:large","max-video-preview":"max-video-preview:-1"},"canonical":"https:\/\/tierphysio-ahner.de\/","og_locale":"de_DE","og_type":"article","og_title":"Startseite - Tier-Physiotherapie und Chiropraktik","og_description":"Herzlich Willkommen!! Sch\u00f6n Sie auf meiner Homepage begr\u00fc\u00dfen zu d\u00fcrfen. Schauen Sie sich alles in Ruhe an und informieren Sie Continue Reading","og_url":"https:\/\/tierphysio-ahner.de\/","og_site_name":"Tier-Physiotherapie und Chiropraktik","article_modified_time":"2021-01-18T16:48:33+00:00","og_image":[{"url":"https:\/\/tierphysio-ahner.de\/wp-content\/uploads\/2017\/03\/PHYSIO-SCHULTERGLEITEN-200x300.jpg","type":"","width":"","height":""}],"twitter_card":"summary_large_image","twitter_misc":{"Gesch\u00e4tzte Lesezeit":"1\u00a0Minute"},"schema":{"@context":"https:\/\/schema.org","@graph":[{"@type":"WebPage","@id":"https:\/\/tierphysio-ahner.de\/","url":"https:\/\/tierphysio-ahner.de\/","name":"Startseite - Tier-Physiotherapie und Chiropraktik","isPartOf":{"@id":"https:\/\/tierphysio-ahner.de\/#website"},"primaryImageOfPage":{"@id":"https:\/\/tierphysio-ahner.de\/#primaryimage"},"image":{"@id":"https:\/\/tierphysio-ahner.de\/#primaryimage"},"thumbnailUrl":"https:\/\/tierphysio-ahner.de\/wp-content\/uploads\/2017\/03\/PHYSIO-SCHULTERGLEITEN-200x300.jpg","datePublished":"2015-06-21T12:13:11+00:00","dateModified":"2021-01-18T16:48:33+00:00","breadcrumb":{"@id":"https:\/\/tierphysio-ahner.de\/#breadcrumb"},"inLanguage":"de","potentialAction":[{"@type":"ReadAction","target":["https:\/\/tierphysio-ahner.de\/"]}]},{"@type":"ImageObject","inLanguage":"de","@id":"https:\/\/tierphysio-ahner.de\/#primaryimage","url":"https:\/\/tierphysio-ahner.de\/wp-content\/uploads\/2017\/03\/PHYSIO-SCHULTERGLEITEN.jpg","contentUrl":"https:\/\/tierphysio-ahner.de\/wp-content\/uploads\/2017\/03\/PHYSIO-SCHULTERGLEITEN.jpg","width":2304,"height":3456},{"@type":"BreadcrumbList","@id":"https:\/\/tierphysio-ahner.de\/#breadcrumb","itemListElement":[{"@type":"ListItem","position":1,"name":"Startseite","item":"https:\/\/tierphysio-ahner.de\/"},{"@type":"ListItem","position":2,"name":"Startseite"}]},{"@type":"WebSite","@id":"https:\/\/tierphysio-ahner.de\/#website","url":"https:\/\/tierphysio-ahner.de\/","name":"Tier-Physiotherapie und Chiropraktik","description":"","potentialAction":[{"@type":"SearchAction","target":{"@type":"EntryPoint","urlTemplate":"https:\/\/tierphysio-ahner.de\/?s={search_term_string}"},"query-input":{"@type":"PropertyValueSpecification","valueRequired":true,"valueName":"search_term_string"}}],"inLanguage":"de"}]}},"jetpack_sharing_enabled":true,"_links":{"self":[{"href":"https:\/\/tierphysio-ahner.de\/index.php?rest_route=\/wp\/v2\/pages\/71","targetHints":{"allow":["GET"]}}],"collection":[{"href":"https:\/\/tierphysio-ahner.de\/index.php?rest_route=\/wp\/v2\/pages"}],"about":[{"href":"https:\/\/tierphysio-ahner.de\/index.php?rest_route=\/wp\/v2\/types\/page"}],"author":[{"embeddable":true,"href":"https:\/\/tierphysio-ahner.de\/index.php?rest_route=\/wp\/v2\/users\/1"}],"replies":[{"embeddable":true,"href":"https:\/\/tierphysio-ahner.de\/index.php?rest_route=%2Fwp%2Fv2%2Fcomments&post=71"}],"version-history":[{"count":9,"href":"https:\/\/tierphysio-ahner.de\/index.php?rest_route=\/wp\/v2\/pages\/71\/revisions"}],"predecessor-version":[{"id":374,"href":"https:\/\/tierphysio-ahner.de\/index.php?rest_route=\/wp\/v2\/pages\/71\/revisions\/374"}],"wp:attachment":[{"href":"https:\/\/tierphysio-ahner.de\/index.php?rest_route=%2Fwp%2Fv2%2Fmedia&parent=71"}],"curies":[{"name":"wp","href":"https:\/\/api.w.org\/{rel}","templated":true}]}}