{"id":146,"date":"2017-03-07T18:27:44","date_gmt":"2017-03-07T17:27:44","guid":{"rendered":"http:\/\/tierphysio-ahner.de\/?page_id=146"},"modified":"2017-03-15T16:01:17","modified_gmt":"2017-03-15T15:01:17","slug":"tier-physiotherapie","status":"publish","type":"page","link":"https:\/\/tierphysio-ahner.de\/?page_id=146","title":{"rendered":"Erkl\u00e4rung"},"content":{"rendered":"<h4><\/h4>\n<h4>Tier-Physiotherapie<img loading=\"lazy\" decoding=\"async\" class=\"alignleft wp-image-224 size-medium\" src=\"https:\/\/tierphysio-ahner.de\/wp-content\/uploads\/2017\/03\/PHYSIO-DEHNEN-300x200.jpg\" alt=\"\" width=\"300\" height=\"200\" srcset=\"https:\/\/tierphysio-ahner.de\/wp-content\/uploads\/2017\/03\/PHYSIO-DEHNEN-300x200.jpg 300w, https:\/\/tierphysio-ahner.de\/wp-content\/uploads\/2017\/03\/PHYSIO-DEHNEN-768x512.jpg 768w, https:\/\/tierphysio-ahner.de\/wp-content\/uploads\/2017\/03\/PHYSIO-DEHNEN-1024x683.jpg 1024w\" sizes=\"auto, (max-width: 300px) 100vw, 300px\" \/><\/h4>\n<p>Alle Strukturen des K\u00f6rpers, wie z.B. Muskulatur, Gelenke, Sehnen, Bindegewebe, Faszien<strong>,<\/strong> innere Organe usw. m\u00fcssen in einer ausgeglichenen Balance zusammenspielen, denn alles was lebt, ist in st\u00e4ndiger Bewegung und auf der Suche nach Harmonie.<\/p>\n<p>Jede noch so kleine Einschr\u00e4nkung der Beweglichkeit eines Gelenkes, Gewebes oder auch inneren Organe kann negative Auswirkungen auf den gesamten Organismus haben.<\/p>\n<p>Mit gezielten Ma\u00dfnahmen kann die Balance des Organismus wieder hergestellt und die negativen in positive &#8222;Spannung&#8220; ausgeglichen werden.<\/p>\n<p>Tiere empfinden genauso wie wir Menschen Schmerzen und k\u00f6nnen an Bewegungseinschr\u00e4nkungen leiden. Mit der Physiotherapie wird das k\u00f6rperliche Gleichgewicht wieder hergestellt.<\/p>\n<p>Die Physiotherapie gewinnt auch in der Veterin\u00e4rmedizin immer mehr an Bedeutung. In der Humanmedizin ist sie schon lange fester Bestandteil bei der Behandlung von orthop\u00e4discher und neurologischer Erkrankungen des Bewegungsapparates. Im Zentrum steht das Wiederherstellen der Beweglichkeit und das Lindern von Schmerzen.<\/p>\n<p>&nbsp;<\/p>\n<h4>Massage der Faszien<\/h4>\n<p>Durch bestimmte Massagegriffe und \u00e4u\u00dferen Stimulierung der FASZIEN werden diese \u201ebelebt\u201c und \u201e harmonisiert\u201c, so dass z.B. Verklebungen und Verh\u00e4rtungen gel\u00f6st werden.<\/p>\n<p>&nbsp;<\/p>\n<h4>Manuelle Therapie<\/h4>\n<p>Die Manuelle Therapie ist nicht nur eine Therapie, sondern hat auch zus\u00e4tzlich einen sehr hohen diagnostischen Wert. Die orthop\u00e4dische manuelle Therapie bedient sich gern mobilisierender Techniken.<\/p>\n<p>&nbsp;<\/p>\n<h4>Triggerpunkte<\/h4>\n<p>Die muskul\u00e4ren Triggerpunkte sind die wohl am h\u00e4ufigsten verkannten und daher meist unbehandelten Ursachen von Schmerzen am Bewegungsapperates.<\/p>\n<p>Triggerpunkte sind kleine \u201e verkrampfte\u201c Zonen der Muskulatur. Die Betroffenen Muskelareal k\u00f6nnen sich nicht mehr normal An \u2013 und Entspannen. Auf die Dauer gesehen, f\u00fchrt dies zu einer Verk\u00fcrzung der entsprechenden Muskulatur.<\/p>\n<p>Triggerpunkte senden Schmerzsignale aus, die direkt an Ort und Stelle sein k\u00f6nnen, aber genauso an einer ganz anderen und weiter entfernteren K\u00f6rperregion, ihre Ursache haben. Dies kann zu \u00dcber- bzw. Fehlbelastungen f\u00fchren und chronisch werden.<\/p>\n<p><img loading=\"lazy\" decoding=\"async\" class=\"alignright size-medium wp-image-213\" src=\"https:\/\/tierphysio-ahner.de\/wp-content\/uploads\/2017\/03\/PHYSIO-HALS_BRUST-200x300.jpg\" alt=\"\" width=\"200\" height=\"300\" srcset=\"https:\/\/tierphysio-ahner.de\/wp-content\/uploads\/2017\/03\/PHYSIO-HALS_BRUST-200x300.jpg 200w, https:\/\/tierphysio-ahner.de\/wp-content\/uploads\/2017\/03\/PHYSIO-HALS_BRUST-768x1152.jpg 768w, https:\/\/tierphysio-ahner.de\/wp-content\/uploads\/2017\/03\/PHYSIO-HALS_BRUST-683x1024.jpg 683w\" sizes=\"auto, (max-width: 200px) 100vw, 200px\" \/><\/p>\n<h4>Zu meinen Leistungen der Physiotherapie geh\u00f6ren<\/h4>\n<p>&#8211; Manuelle Therapien<br \/>\n&#8211; Triggerpunkttherapie<br \/>\n&#8211; Krankengymnastik<br \/>\n&#8211; Muskelaufbau<br \/>\n&#8211; Manuelle Lymphdrainage<br \/>\n&#8211; Myofasziale Massagen<br \/>\n&#8211; Physiologische Training<br \/>\n&#8211; Physiotherapeutische Betreuung auf Turniere<\/p>\n","protected":false},"excerpt":{"rendered":"<p>Tier-Physiotherapie Alle Strukturen des K\u00f6rpers, wie z.B. Muskulatur, Gelenke, Sehnen, Bindegewebe, Faszien, innere Organe usw. m\u00fcssen in einer ausgeglichenen Balance <a class=\"more-link\" href=\"https:\/\/tierphysio-ahner.de\/?page_id=146\">Continue Reading<\/a><\/p>\n","protected":false},"author":1,"featured_media":0,"parent":0,"menu_order":0,"comment_status":"closed","ping_status":"closed","template":"","meta":{"_monsterinsights_skip_tracking":false,"_monsterinsights_sitenote_active":false,"_monsterinsights_sitenote_note":"","_monsterinsights_sitenote_category":0,"footnotes":""},"class_list":["post-146","page","type-page","status-publish","hentry","no-post-thumbnail","no-read-more-tag","no-sticky","entry"],"yoast_head":"<!-- This site is optimized with the Yoast SEO plugin v27.5 - https:\/\/yoast.com\/product\/yoast-seo-wordpress\/ -->\n<title>Erkl\u00e4rung - Tier-Physiotherapie und Chiropraktik<\/title>\n<meta name=\"robots\" content=\"index, follow, max-snippet:-1, max-image-preview:large, max-video-preview:-1\" \/>\n<link rel=\"canonical\" href=\"https:\/\/tierphysio-ahner.de\/?page_id=146\" \/>\n<meta property=\"og:locale\" content=\"de_DE\" \/>\n<meta property=\"og:type\" content=\"article\" \/>\n<meta property=\"og:title\" content=\"Erkl\u00e4rung - Tier-Physiotherapie und Chiropraktik\" \/>\n<meta property=\"og:description\" content=\"Tier-Physiotherapie Alle Strukturen des K\u00f6rpers, wie z.B. Muskulatur, Gelenke, Sehnen, Bindegewebe, Faszien, innere Organe usw. m\u00fcssen in einer ausgeglichenen Balance Continue Reading\" \/>\n<meta property=\"og:url\" content=\"https:\/\/tierphysio-ahner.de\/?page_id=146\" \/>\n<meta property=\"og:site_name\" content=\"Tier-Physiotherapie und Chiropraktik\" \/>\n<meta property=\"article:modified_time\" content=\"2017-03-15T15:01:17+00:00\" \/>\n<meta property=\"og:image\" content=\"https:\/\/tierphysio-ahner.de\/wp-content\/uploads\/2017\/03\/PHYSIO-DEHNEN-300x200.jpg\" \/>\n<meta name=\"twitter:card\" content=\"summary_large_image\" \/>\n<meta name=\"twitter:label1\" content=\"Gesch\u00e4tzte Lesezeit\" \/>\n\t<meta name=\"twitter:data1\" content=\"2\u00a0Minuten\" \/>\n<script type=\"application\/ld+json\" class=\"yoast-schema-graph\">{\"@context\":\"https:\\\/\\\/schema.org\",\"@graph\":[{\"@type\":\"WebPage\",\"@id\":\"https:\\\/\\\/tierphysio-ahner.de\\\/?page_id=146\",\"url\":\"https:\\\/\\\/tierphysio-ahner.de\\\/?page_id=146\",\"name\":\"Erkl\u00e4rung - Tier-Physiotherapie und Chiropraktik\",\"isPartOf\":{\"@id\":\"https:\\\/\\\/tierphysio-ahner.de\\\/#website\"},\"primaryImageOfPage\":{\"@id\":\"https:\\\/\\\/tierphysio-ahner.de\\\/?page_id=146#primaryimage\"},\"image\":{\"@id\":\"https:\\\/\\\/tierphysio-ahner.de\\\/?page_id=146#primaryimage\"},\"thumbnailUrl\":\"https:\\\/\\\/tierphysio-ahner.de\\\/wp-content\\\/uploads\\\/2017\\\/03\\\/PHYSIO-DEHNEN-300x200.jpg\",\"datePublished\":\"2017-03-07T17:27:44+00:00\",\"dateModified\":\"2017-03-15T15:01:17+00:00\",\"breadcrumb\":{\"@id\":\"https:\\\/\\\/tierphysio-ahner.de\\\/?page_id=146#breadcrumb\"},\"inLanguage\":\"de\",\"potentialAction\":[{\"@type\":\"ReadAction\",\"target\":[\"https:\\\/\\\/tierphysio-ahner.de\\\/?page_id=146\"]}]},{\"@type\":\"ImageObject\",\"inLanguage\":\"de\",\"@id\":\"https:\\\/\\\/tierphysio-ahner.de\\\/?page_id=146#primaryimage\",\"url\":\"https:\\\/\\\/tierphysio-ahner.de\\\/wp-content\\\/uploads\\\/2017\\\/03\\\/PHYSIO-DEHNEN.jpg\",\"contentUrl\":\"https:\\\/\\\/tierphysio-ahner.de\\\/wp-content\\\/uploads\\\/2017\\\/03\\\/PHYSIO-DEHNEN.jpg\",\"width\":3456,\"height\":2304},{\"@type\":\"BreadcrumbList\",\"@id\":\"https:\\\/\\\/tierphysio-ahner.de\\\/?page_id=146#breadcrumb\",\"itemListElement\":[{\"@type\":\"ListItem\",\"position\":1,\"name\":\"Startseite\",\"item\":\"https:\\\/\\\/tierphysio-ahner.de\\\/\"},{\"@type\":\"ListItem\",\"position\":2,\"name\":\"Erkl\u00e4rung\"}]},{\"@type\":\"WebSite\",\"@id\":\"https:\\\/\\\/tierphysio-ahner.de\\\/#website\",\"url\":\"https:\\\/\\\/tierphysio-ahner.de\\\/\",\"name\":\"Tier-Physiotherapie und Chiropraktik\",\"description\":\"\",\"potentialAction\":[{\"@type\":\"SearchAction\",\"target\":{\"@type\":\"EntryPoint\",\"urlTemplate\":\"https:\\\/\\\/tierphysio-ahner.de\\\/?s={search_term_string}\"},\"query-input\":{\"@type\":\"PropertyValueSpecification\",\"valueRequired\":true,\"valueName\":\"search_term_string\"}}],\"inLanguage\":\"de\"}]}<\/script>\n<!-- \/ Yoast SEO plugin. -->","yoast_head_json":{"title":"Erkl\u00e4rung - Tier-Physiotherapie und Chiropraktik","robots":{"index":"index","follow":"follow","max-snippet":"max-snippet:-1","max-image-preview":"max-image-preview:large","max-video-preview":"max-video-preview:-1"},"canonical":"https:\/\/tierphysio-ahner.de\/?page_id=146","og_locale":"de_DE","og_type":"article","og_title":"Erkl\u00e4rung - Tier-Physiotherapie und Chiropraktik","og_description":"Tier-Physiotherapie Alle Strukturen des K\u00f6rpers, wie z.B. Muskulatur, Gelenke, Sehnen, Bindegewebe, Faszien, innere Organe usw. m\u00fcssen in einer ausgeglichenen Balance Continue Reading","og_url":"https:\/\/tierphysio-ahner.de\/?page_id=146","og_site_name":"Tier-Physiotherapie und Chiropraktik","article_modified_time":"2017-03-15T15:01:17+00:00","og_image":[{"url":"https:\/\/tierphysio-ahner.de\/wp-content\/uploads\/2017\/03\/PHYSIO-DEHNEN-300x200.jpg","type":"","width":"","height":""}],"twitter_card":"summary_large_image","twitter_misc":{"Gesch\u00e4tzte Lesezeit":"2\u00a0Minuten"},"schema":{"@context":"https:\/\/schema.org","@graph":[{"@type":"WebPage","@id":"https:\/\/tierphysio-ahner.de\/?page_id=146","url":"https:\/\/tierphysio-ahner.de\/?page_id=146","name":"Erkl\u00e4rung - Tier-Physiotherapie und Chiropraktik","isPartOf":{"@id":"https:\/\/tierphysio-ahner.de\/#website"},"primaryImageOfPage":{"@id":"https:\/\/tierphysio-ahner.de\/?page_id=146#primaryimage"},"image":{"@id":"https:\/\/tierphysio-ahner.de\/?page_id=146#primaryimage"},"thumbnailUrl":"https:\/\/tierphysio-ahner.de\/wp-content\/uploads\/2017\/03\/PHYSIO-DEHNEN-300x200.jpg","datePublished":"2017-03-07T17:27:44+00:00","dateModified":"2017-03-15T15:01:17+00:00","breadcrumb":{"@id":"https:\/\/tierphysio-ahner.de\/?page_id=146#breadcrumb"},"inLanguage":"de","potentialAction":[{"@type":"ReadAction","target":["https:\/\/tierphysio-ahner.de\/?page_id=146"]}]},{"@type":"ImageObject","inLanguage":"de","@id":"https:\/\/tierphysio-ahner.de\/?page_id=146#primaryimage","url":"https:\/\/tierphysio-ahner.de\/wp-content\/uploads\/2017\/03\/PHYSIO-DEHNEN.jpg","contentUrl":"https:\/\/tierphysio-ahner.de\/wp-content\/uploads\/2017\/03\/PHYSIO-DEHNEN.jpg","width":3456,"height":2304},{"@type":"BreadcrumbList","@id":"https:\/\/tierphysio-ahner.de\/?page_id=146#breadcrumb","itemListElement":[{"@type":"ListItem","position":1,"name":"Startseite","item":"https:\/\/tierphysio-ahner.de\/"},{"@type":"ListItem","position":2,"name":"Erkl\u00e4rung"}]},{"@type":"WebSite","@id":"https:\/\/tierphysio-ahner.de\/#website","url":"https:\/\/tierphysio-ahner.de\/","name":"Tier-Physiotherapie und Chiropraktik","description":"","potentialAction":[{"@type":"SearchAction","target":{"@type":"EntryPoint","urlTemplate":"https:\/\/tierphysio-ahner.de\/?s={search_term_string}"},"query-input":{"@type":"PropertyValueSpecification","valueRequired":true,"valueName":"search_term_string"}}],"inLanguage":"de"}]}},"jetpack_sharing_enabled":true,"_links":{"self":[{"href":"https:\/\/tierphysio-ahner.de\/index.php?rest_route=\/wp\/v2\/pages\/146","targetHints":{"allow":["GET"]}}],"collection":[{"href":"https:\/\/tierphysio-ahner.de\/index.php?rest_route=\/wp\/v2\/pages"}],"about":[{"href":"https:\/\/tierphysio-ahner.de\/index.php?rest_route=\/wp\/v2\/types\/page"}],"author":[{"embeddable":true,"href":"https:\/\/tierphysio-ahner.de\/index.php?rest_route=\/wp\/v2\/users\/1"}],"replies":[{"embeddable":true,"href":"https:\/\/tierphysio-ahner.de\/index.php?rest_route=%2Fwp%2Fv2%2Fcomments&post=146"}],"version-history":[{"count":14,"href":"https:\/\/tierphysio-ahner.de\/index.php?rest_route=\/wp\/v2\/pages\/146\/revisions"}],"predecessor-version":[{"id":295,"href":"https:\/\/tierphysio-ahner.de\/index.php?rest_route=\/wp\/v2\/pages\/146\/revisions\/295"}],"wp:attachment":[{"href":"https:\/\/tierphysio-ahner.de\/index.php?rest_route=%2Fwp%2Fv2%2Fmedia&parent=146"}],"curies":[{"name":"wp","href":"https:\/\/api.w.org\/{rel}","templated":true}]}}